{"id":4832,"date":"2021-06-17T14:23:22","date_gmt":"2021-06-17T17:23:22","guid":{"rendered":"https:\/\/www.labtrans.ufsc.br\/?page_id=4832"},"modified":"2022-05-23T16:15:27","modified_gmt":"2022-05-23T19:15:27","slug":"patentes-e-registros","status":"publish","type":"page","link":"https:\/\/www.labtrans.ufsc.br\/en\/patentes-e-registros\/","title":{"rendered":"Patents and Records"},"content":{"rendered":"<p><\/p>\n<table width=\"0\">\n<tbody>\n<tr>\n<td width=\"19%\"><strong>Tipo de Registro<\/strong><\/td>\n<td width=\"66%\"><strong>Nome do Registro<\/strong><\/td>\n<td width=\"13%\"><strong>Data de Registro<\/strong><\/td>\n<\/tr>\n<tr>\n<td width=\"19%\">1. Software<\/td>\n<td width=\"66%\"><a class=\"link linkAzul\" href=\"https:\/\/www.labtrans.ufsc.br\/hcm-traffic\/\"><strong>HCM &#8211; Traffic<\/strong><\/a><\/td>\n<td width=\"13%\">09\/03\/2021<\/td>\n<\/tr>\n<tr>\n<td width=\"19%\">2. Software<\/td>\n<td width=\"66%\"><a class=\"link linkAzul\" href=\"https:\/\/www.labtrans.ufsc.br\/mapear\/\"><strong>Mapear<\/strong><\/a><\/td>\n<td width=\"13%\">18\/08\/2020<\/td>\n<\/tr>\n<tr>\n<td width=\"19%\">3. Software<\/td>\n<td width=\"66%\">MAPGIS &#8211; Sistema de Informa\u00e7\u00e3o Geogr\u00e1fica<\/td>\n<td width=\"13%\">22\/05\/2018<\/td>\n<\/tr>\n<tr>\n<td width=\"19%\">4. Software<\/td>\n<td width=\"66%\"><strong><a class=\"link linkAzul\" href=\"https:\/\/www.labtrans.ufsc.br\/reconhecedor-de-objetos-viarios\/\">Reconhecedor de Objetos Vi\u00e1rios<\/a><\/strong><\/td>\n<td width=\"13%\">18\/08\/2020<\/td>\n<\/tr>\n<tr>\n<td width=\"19%\">5. Software<\/td>\n<td width=\"66%\"><a class=\"link linkAzul\" href=\"https:\/\/www.labtrans.ufsc.br\/restituidor-as-built\/\"><strong>Restituidor as Built 1.0<\/strong><\/a><\/td>\n<td width=\"13%\">23\/07\/2013<\/td>\n<\/tr>\n<tr>\n<td width=\"19%\">6. Software<\/td>\n<td width=\"66%\"><strong><a class=\"link linkAzul\" href=\"https:\/\/www.labtrans.ufsc.br\/sar\/\">SAR &#8211; Sistema de An\u00e1lise de Rede<\/a><\/strong><\/td>\n<td width=\"13%\">22\/05\/2018<\/td>\n<\/tr>\n<tr>\n<td width=\"19%\">7. Software<\/td>\n<td width=\"66%\"><strong><a class=\"link linkAzul\" href=\"https:\/\/www.labtrans.ufsc.br\/sigbnb\/\">SIGBNB &#8211; Sistema de Informa\u00e7\u00e3o Geogr\u00e1fica do Banco do Nordeste do Brasil<\/a><\/strong><\/td>\n<td width=\"13%\">27\/04\/2010<\/td>\n<\/tr>\n<tr>\n<td width=\"19%\">8. Software<\/td>\n<td width=\"66%\"><a class=\"link linkAzul\" href=\"https:\/\/www.labtrans.ufsc.br\/smart-technology-to-advanced-road-safety-stars\/\"><strong>STARS &#8211; Smart Technology to Advanced Road Safety<\/strong><\/a><\/td>\n<td width=\"13%\">03\/11\/2020<\/td>\n<\/tr>\n<\/tbody>\n<\/table>\n<p><\/p>","protected":false},"excerpt":{"rendered":"<p>Tipo de Registro Nome do Registro Data de Registro 1. Software HCM &#8211; Traffic 09\/03\/2021 2. Software Mapear 18\/08\/2020 3. Software MAPGIS &#8211; Sistema de Informa\u00e7\u00e3o Geogr\u00e1fica 22\/05\/2018 4. Software Reconhecedor de Objetos Vi\u00e1rios 18\/08\/2020 5. Software Restituidor as Built 1.0 23\/07\/2013 6. Software SAR &#8211; Sistema de An\u00e1lise de Rede 22\/05\/2018 7. Software SIGBNB [&hellip;]<\/p>\n","protected":false},"author":14,"featured_media":0,"parent":0,"menu_order":0,"comment_status":"closed","ping_status":"closed","template":"","meta":{"ngg_post_thumbnail":0,"footnotes":""},"_links":{"self":[{"href":"https:\/\/www.labtrans.ufsc.br\/en\/wp-json\/wp\/v2\/pages\/4832"}],"collection":[{"href":"https:\/\/www.labtrans.ufsc.br\/en\/wp-json\/wp\/v2\/pages"}],"about":[{"href":"https:\/\/www.labtrans.ufsc.br\/en\/wp-json\/wp\/v2\/types\/page"}],"author":[{"embeddable":true,"href":"https:\/\/www.labtrans.ufsc.br\/en\/wp-json\/wp\/v2\/users\/14"}],"replies":[{"embeddable":true,"href":"https:\/\/www.labtrans.ufsc.br\/en\/wp-json\/wp\/v2\/comments?post=4832"}],"version-history":[{"count":32,"href":"https:\/\/www.labtrans.ufsc.br\/en\/wp-json\/wp\/v2\/pages\/4832\/revisions"}],"predecessor-version":[{"id":5397,"href":"https:\/\/www.labtrans.ufsc.br\/en\/wp-json\/wp\/v2\/pages\/4832\/revisions\/5397"}],"wp:attachment":[{"href":"https:\/\/www.labtrans.ufsc.br\/en\/wp-json\/wp\/v2\/media?parent=4832"}],"curies":[{"name":"wp","href":"https:\/\/api.w.org\/{rel}","templated":true}]}}