{"id":1429,"date":"2016-11-03T18:00:30","date_gmt":"2016-11-03T18:00:30","guid":{"rendered":"https:\/\/site-novo.labtrans.ufsc.br\/?page_id=1429"},"modified":"2026-01-08T12:42:12","modified_gmt":"2026-01-08T15:42:12","slug":"parceiros-internacionais","status":"publish","type":"page","link":"https:\/\/www.labtrans.ufsc.br\/en\/parceiros\/parceiros-internacionais\/","title":{"rendered":"International Partners"},"content":{"rendered":"<p><\/p>\n<ul>\n<li class=\"hint--bottom hint--large\" data-hint=\"BID - Banco Interamericano de Desenvolvimento (EUA)\"><a href=\"http:\/\/www.iadb.org\/?lang=pt\"><img decoding=\"async\" src=\"\/..\/wp-content\/uploads\/2015\/08\/iadb.png\" alt=\"BID - Banco Interamericano de Desenvolvimento (EUA)\"><\/a><\/li>\n<li class=\"hint--bottom hint--large\" data-hint=\"DB - Mobility Networks Logistics (Alemanha)\"><a href=\"http:\/\/www.deutschebahn.com\/de\/start.html\"><img decoding=\"async\" src=\"\/..\/wp-content\/uploads\/2015\/08\/db.png\" alt=\"DB - Mobility Networks Logistics (Alemanha)\"><\/a><\/li>\n<li class=\"hint--bottom hint--large\" data-hint=\"Erasmus University Rotterdam (Holanda)\"><a href=\"http:\/\/www.eur.nl\/\"><img decoding=\"async\" src=\"\/..\/wp-content\/uploads\/2015\/08\/erasmus.png\" alt=\"Erasmus University Rotterdam (Holanda)\"><\/a><\/li>\n<li data-hint=\"Erasmus University Rotterdam (Holanda)\"><a href=\"https:\/\/www.labtrans.ufsc.br\/wp-content\/uploads\/2024\/01\/HYPERLOOPTT.png\"><img loading=\"lazy\" decoding=\"async\" class=\"alignnone size-full wp-image-6189\" src=\"https:\/\/www.labtrans.ufsc.br\/wp-content\/uploads\/2024\/01\/HYPERLOOPTT.png\" alt=\"\" width=\"276\" height=\"55\"><\/a><\/li>\n<\/ul>\n<p>&nbsp;<\/p>\n<ul>\n<li data-hint=\"Erasmus University Rotterdam (Holanda)\"><a href=\"https:\/\/www.labtrans.ufsc.br\/wp-content\/uploads\/2024\/01\/irap.png\"><img loading=\"lazy\" decoding=\"async\" class=\"alignnone size-full wp-image-6223\" src=\"https:\/\/www.labtrans.ufsc.br\/wp-content\/uploads\/2024\/01\/irap.png\" alt=\"\" width=\"300\" height=\"119\"><\/a><\/li>\n<li class=\"hint--bottom hint--large\" data-hint=\"ISWIM - International Society for Weigh In Motion (Su\u00ed\u00e7a)\"><a href=\"http:\/\/www.is-wim.org\/\"><img decoding=\"async\" src=\"\/..\/wp-content\/uploads\/2015\/08\/isawim.png\" alt=\"ISWIM - International Society for Weigh In Motion (Su\u00ed\u00e7a)\"><\/a><\/li>\n<li class=\"hint--bottom hint--large\" data-hint=\"IFSTTAR - L'Institut fran\u00e7ais des sciences et technologies des transports, de l'am\u00e9nagement et des r\u00e9seaux (Fran\u00e7a)\"><a href=\"http:\/\/www.ifsttar.fr\/\"><img decoding=\"async\" src=\"\/..\/wp-content\/uploads\/2015\/08\/ifsttar.png\" alt=\"IFSTTAR - L'Institut fran\u00e7ais des sciences et technologies des transports, de l'am\u00e9nagement et des r\u00e9seaux (Fran\u00e7a)\"><\/a><\/li>\n<li data-hint=\"IFSTTAR - L'Institut fran\u00e7ais des sciences et technologies des transports, de l'am\u00e9nagement et des r\u00e9seaux (Fran\u00e7a)\"><a href=\"https:\/\/www.labtrans.ufsc.br\/wp-content\/uploads\/2024\/01\/kistler.png\"><img loading=\"lazy\" decoding=\"async\" class=\"alignnone size-full wp-image-6224\" src=\"https:\/\/www.labtrans.ufsc.br\/wp-content\/uploads\/2024\/01\/kistler.png\" alt=\"\" width=\"209\" height=\"79\"><\/a><\/li>\n<li class=\"hint--bottom hint--large\" data-hint=\"MTU - Michigan Technological University (EUA)\"><a href=\"http:\/\/www.mtu.edu\/\"><img decoding=\"async\" src=\"\/..\/wp-content\/uploads\/2015\/08\/mtu.png\" alt=\"MTU - Michigan Technological University (EUA)\"><\/a><\/li>\n<li class=\"hint--bottom hint--large\" data-hint=\"Port of Rotterdam (Holanda)\"><a href=\"http:\/\/www.portofrotterdam.com\/\"><img decoding=\"async\" src=\"\/..\/wp-content\/uploads\/2015\/08\/rotterdam.png\" alt=\"Port of Rotterdam (Holanda)\"><\/a><\/li>\n<li data-hint=\"Port of Rotterdam (Holanda)\"><a href=\"https:\/\/www.labtrans.ufsc.br\/wp-content\/uploads\/2023\/07\/Sacyr.png\"><img loading=\"lazy\" decoding=\"async\" class=\"alignnone size-full wp-image-6068\" src=\"https:\/\/www.labtrans.ufsc.br\/wp-content\/uploads\/2023\/07\/Sacyr.png\" alt=\"\" width=\"181\" height=\"63\"><\/a><\/li>\n<li data-hint=\"Port of Rotterdam (Holanda)\"><a href=\"https:\/\/www.labtrans.ufsc.br\/wp-content\/uploads\/2024\/01\/sterela.png\"><img loading=\"lazy\" decoding=\"async\" class=\"alignnone size-full wp-image-6225\" src=\"https:\/\/www.labtrans.ufsc.br\/wp-content\/uploads\/2024\/01\/sterela.png\" alt=\"\" width=\"300\" height=\"180\"><\/a><\/li>\n<li data-hint=\"Port of Rotterdam (Holanda)\"><a href=\"https:\/\/www.labtrans.ufsc.br\/wp-content\/uploads\/2024\/01\/The-Univ.png\"><img loading=\"lazy\" decoding=\"async\" class=\"alignnone size-full wp-image-6226\" src=\"https:\/\/www.labtrans.ufsc.br\/wp-content\/uploads\/2024\/01\/The-Univ.png\" alt=\"\" width=\"423\" height=\"136\" srcset=\"https:\/\/www.labtrans.ufsc.br\/wp-content\/uploads\/2024\/01\/The-Univ.png 423w, https:\/\/www.labtrans.ufsc.br\/wp-content\/uploads\/2024\/01\/The-Univ-300x96.png 300w\" sizes=\"(max-width: 423px) 100vw, 423px\" \/><\/a><\/li>\n<\/ul>\n<p>&nbsp;<\/p>\n<ul>\n<li class=\"hint--bottom hint--large\" data-hint=\"TRB - Transportation Research Board (EUA)\"><a href=\"http:\/\/www.trb.org\/\"><img decoding=\"async\" src=\"\/..\/wp-content\/uploads\/2015\/08\/trb.png\" alt=\"TRB - Transportation Research Board (EUA)\"><\/a><\/li>\n<li class=\"hint--bottom hint--large\" data-hint=\"Universitat de Val\u00e8ncia (Espanha)\"><a href=\"http:\/\/www.uv.es\/\"><img decoding=\"async\" src=\"\/..\/wp-content\/uploads\/2015\/08\/universitat.png\" alt=\"Universitat de Val\u00e8ncia (Espanha)\"><\/a><\/li>\n<li data-hint=\"Universitat de Val\u00e8ncia (Espanha)\"><a href=\"https:\/\/www.worldbank.org\/\"><img loading=\"lazy\" decoding=\"async\" class=\"alignnone wp-image-3337\" src=\"https:\/\/www.labtrans.ufsc.br\/wp-content\/uploads\/2019\/02\/world-bank-300x123.jpg\" alt=\"\" width=\"485\" height=\"199\" srcset=\"https:\/\/www.labtrans.ufsc.br\/wp-content\/uploads\/2019\/02\/world-bank-300x123.jpg 300w, https:\/\/www.labtrans.ufsc.br\/wp-content\/uploads\/2019\/02\/world-bank.jpg 684w\" sizes=\"(max-width: 485px) 100vw, 485px\" \/><\/a><\/li>\n<li class=\"hint--bottom hint--large\" data-hint=\"ZAG - Slovenian National Building and Civil Engineering Institute (Eslov\u00eania)\"><a href=\"http:\/\/www.zag.si\/\"><img decoding=\"async\" src=\"\/..\/wp-content\/uploads\/2015\/08\/zag.png\" alt=\"ZAG - Slovenian National Building and Civil Engineering Institute (Eslov\u00eania)\"><\/a><\/li>\n<\/ul>\n<p><\/p>","protected":false},"excerpt":{"rendered":"<p>&nbsp; &nbsp;<\/p>\n","protected":false},"author":5,"featured_media":0,"parent":47,"menu_order":0,"comment_status":"closed","ping_status":"closed","template":"page-parceiros.php","meta":{"ngg_post_thumbnail":0,"footnotes":""},"_links":{"self":[{"href":"https:\/\/www.labtrans.ufsc.br\/en\/wp-json\/wp\/v2\/pages\/1429"}],"collection":[{"href":"https:\/\/www.labtrans.ufsc.br\/en\/wp-json\/wp\/v2\/pages"}],"about":[{"href":"https:\/\/www.labtrans.ufsc.br\/en\/wp-json\/wp\/v2\/types\/page"}],"author":[{"embeddable":true,"href":"https:\/\/www.labtrans.ufsc.br\/en\/wp-json\/wp\/v2\/users\/5"}],"replies":[{"embeddable":true,"href":"https:\/\/www.labtrans.ufsc.br\/en\/wp-json\/wp\/v2\/comments?post=1429"}],"version-history":[{"count":38,"href":"https:\/\/www.labtrans.ufsc.br\/en\/wp-json\/wp\/v2\/pages\/1429\/revisions"}],"predecessor-version":[{"id":6593,"href":"https:\/\/www.labtrans.ufsc.br\/en\/wp-json\/wp\/v2\/pages\/1429\/revisions\/6593"}],"up":[{"embeddable":true,"href":"https:\/\/www.labtrans.ufsc.br\/en\/wp-json\/wp\/v2\/pages\/47"}],"wp:attachment":[{"href":"https:\/\/www.labtrans.ufsc.br\/en\/wp-json\/wp\/v2\/media?parent=1429"}],"curies":[{"name":"wp","href":"https:\/\/api.w.org\/{rel}","templated":true}]}}