{"id":1427,"date":"2016-11-03T17:59:59","date_gmt":"2016-11-03T17:59:59","guid":{"rendered":"https:\/\/site-novo.labtrans.ufsc.br\/?page_id=1427"},"modified":"2024-02-08T14:48:08","modified_gmt":"2024-02-08T17:48:08","slug":"parceiros-nacionais","status":"publish","type":"page","link":"https:\/\/www.labtrans.ufsc.br\/en\/parceiros\/parceiros-nacionais\/","title":{"rendered":"National Partners"},"content":{"rendered":"<p><\/p>\n<ul>\n<li class=\"hint--bottom hint--large\" data-hint=\"AGER - Ag\u00eancia de Regula\u00e7\u00e3o dos Servi\u00e7os P\u00fablicos Delegados do Estado do Mato Grosso\">&nbsp;<\/li>\n<li class=\"hint--bottom hint--large\" data-hint=\"AGER - Ag\u00eancia de Regula\u00e7\u00e3o dos Servi\u00e7os P\u00fablicos Delegados do Estado do Mato Grosso\"><a href=\"http:\/\/www.ager.mt.gov.br\/\"><img decoding=\"async\" src=\"\/..\/wp-content\/uploads\/2015\/08\/ager-1.png\" alt=\"Ag\u00eancia de Regula\u00e7\u00e3o dos Servi\u00e7os P\u00fablicos Delegados do Estado do Mato Grosso\"><\/a><\/li>\n<li class=\"hint--bottom hint--large\" data-hint=\"AGETRANSP - Ag\u00eancia Reguladora de Servi\u00e7os P\u00fablicos Concedidos de Transportes Aquavi\u00e1rios, Ferrovi\u00e1rios e Metrovi\u00e1rios e de Rodovias do Estado do Rio de Janeiro\"><a href=\"http:\/\/www.agetransp.rj.gov.br\/\"><img decoding=\"async\" src=\"\/..\/wp-content\/uploads\/2015\/08\/agetransp.png\" alt=\"AGETRANSP - Ag\u00eancia Reguladora de Servi\u00e7os P\u00fablicos Concedidos de Transportes Aquavi\u00e1rios, Ferrovi\u00e1rios e Metrovi\u00e1rios e de Rodovias do Estado do Rio de Janeiro\"><\/a><\/li>\n<li class=\"hint--bottom hint--large\" data-hint=\"ANTAQ - Ag\u00eancia Nacional de Transportes Aquavi\u00e1rios\"><a href=\"http:\/\/www.antaq.gov.br\/\"><img decoding=\"async\" src=\"\/..\/wp-content\/uploads\/2015\/08\/antaq.png\" alt=\"ANTAQ - Ag\u00eancia Nacional de Transportes Aquavi\u00e1rios\"><\/a><\/li>\n<li class=\"hint--bottom hint--large\" data-hint=\"ANTT - Ag\u00eancia Nacional de Transportes Terrestres\"><a href=\"http:\/\/www.antt.gov.br\/\"><img decoding=\"async\" src=\"\/..\/wp-content\/uploads\/2015\/08\/antt.png\" alt=\"ANTT - Ag\u00eancia Nacional de Transportes Terrestres\"><\/a><\/li>\n<li class=\"hint--bottom hint--large\" data-hint=\"APPA - Administra\u00e7\u00e3o dos Portos de Paranagu\u00e1 e Antonina\"><a href=\"http:\/\/www.portosdoparana.pr.gov.br\/\"><img decoding=\"async\" src=\"\/..\/wp-content\/uploads\/2015\/08\/appa.png\" alt=\"APPA - Administra\u00e7\u00e3o dos Portos de Paranagu\u00e1 e Antonina\"><\/a><\/li>\n<li class=\"hint--bottom hint--large\" data-hint=\"BNB - Banco do Nordeste do Brasil\"><a href=\"http:\/\/www.bnb.gov.br\/\"><img decoding=\"async\" src=\"\/..\/wp-content\/uploads\/2015\/08\/bnb.png\" alt=\"BNB - Banco do Nordeste do Brasil\"><\/a><\/li>\n<li class=\"hint--bottom hint--large\" data-hint=\"CAPES - Coordena\u00e7\u00e3o de Aperfei\u00e7oamento de Pessoal de n\u00edvel Superior\"><a href=\"http:\/\/www.capes.gov.br\/\"><img decoding=\"async\" src=\"\/..\/wp-content\/uploads\/2015\/08\/capes.png\" alt=\"CAPES - Coordena\u00e7\u00e3o de Aperfei\u00e7oamento de Pessoal de n\u00edvel Superior\"><\/a><\/li>\n<li class=\"hint--bottom hint--large\" data-hint=\"CDRJ - Companhia de Docas do Rio de Janeiro\"><a href=\"http:\/\/www.portosrio.gov.br\/\"><img decoding=\"async\" src=\"\/..\/wp-content\/uploads\/2015\/08\/cdrj-2.png\" alt=\"CDRJ - Companhia de Docas do Rio de Janeiro\"><\/a><\/li>\n<li class=\"hint--bottom hint--large\" data-hint=\"CNPq - Conselho Nacional de Desenvolvimento Cient\u00edfico e Tecnol\u00f3gico\"><a href=\"http:\/\/www.cnpq.br\/\"><img decoding=\"async\" src=\"\/..\/wp-content\/uploads\/2015\/08\/cnpq.png\" alt=\"CNPq - Conselho Nacional de Desenvolvimento Cient\u00edfico e Tecnol\u00f3gico\"><\/a><\/li>\n<li class=\"hint--bottom hint--large\" data-hint=\"CNT - Confedera\u00e7\u00e3o Nacional do Transporte\"><a href=\"http:\/\/www.cnt.org.br\/\"><img decoding=\"async\" src=\"\/..\/wp-content\/uploads\/2015\/08\/nct.png\" alt=\"CNT - Confedera\u00e7\u00e3o Nacional do Transporte\"><\/a><\/li>\n<li data-hint=\"CNT - Confedera\u00e7\u00e3o Nacional do Transporte\"><a href=\"https:\/\/www.consilux.com.br\/pt\/\"><img loading=\"lazy\" decoding=\"async\" class=\"alignnone wp-image-3355\" src=\"https:\/\/www.labtrans.ufsc.br\/wp-content\/uploads\/2019\/02\/Consilux-Tecnologia.jpg\" alt=\"\" width=\"767\" height=\"199\"><\/a><\/li>\n<li class=\"hint--bottom hint--large\" data-hint=\"CODESA - Companhia Docas do Esp\u00edrito Santo\"><a href=\"http:\/\/www.codesa.gov.br\/site\/\"><img decoding=\"async\" src=\"\/..\/wp-content\/uploads\/2015\/08\/codesa-1.png\" alt=\"CODESA - Companhia Docas do Esp\u00edrito Santo\"><\/a><\/li>\n<li class=\"hint--bottom hint--large\" data-hint=\"DBTrans - Solu\u00e7\u00f5es em meios de pagamento para o mercado log\u00edstico\"><a href=\"https:\/\/www.dbtrans.com.br\/\"><img decoding=\"async\" src=\"\/..\/wp-content\/uploads\/2015\/08\/dbtrans.png\" alt=\"DBTrans - Solu\u00e7\u00f5es em meios de pagamento para o mercado log\u00edstico\"><\/a><\/li>\n<li class=\"hint--bottom hint--large\" data-hint=\"DETER\/SC - Departamento de Transportes e Terminais de Santa Catarina\"><a href=\"http:\/\/www.deter.sc.gov.br\/\"><img decoding=\"async\" src=\"\/..\/wp-content\/uploads\/2015\/08\/deter.png\" alt=\"DETER\/SC - Departamento de Transportes e Terminais de Santa Catarina\"><\/a><\/li>\n<li class=\"hint--bottom hint--large\" data-hint=\"DNIT - Departamento Nacional de Infraestrutura de Transportes\"><a href=\"http:\/\/www.dnit.gov.br\/\"><img loading=\"lazy\" decoding=\"async\" width=\"268\" height=\"169\" class=\"alignnone size-full wp-image-1370\" src=\"\/..\/wp-content\/uploads\/2015\/08\/dnit.png\" alt=\"DNIT - Departamento Nacional de Infraestrutura de Transportes\"><\/a><\/li>\n<li data-hint=\"DNIT - Departamento Nacional de Infraestrutura de Transportes\"><a href=\"https:\/\/detran.es.gov.br\/\" target=\"_blank\" rel=\"noopener\"><img loading=\"lazy\" decoding=\"async\" class=\"alignnone wp-image-3213 \" src=\"https:\/\/www.labtrans.ufsc.br\/wp-content\/uploads\/2018\/11\/detran-es-logo.jpg\" alt=\"DETRAN\/ES\" width=\"486\" height=\"200\" srcset=\"https:\/\/www.labtrans.ufsc.br\/wp-content\/uploads\/2018\/11\/detran-es-logo.jpg 600w, https:\/\/www.labtrans.ufsc.br\/wp-content\/uploads\/2018\/11\/detran-es-logo-300x124.jpg 300w\" sizes=\"(max-width: 486px) 100vw, 486px\" \/><\/a><\/li>\n<li class=\"hint--bottom hint--large\" data-hint=\"Docas de Santana\"><a href=\"http:\/\/www.docasdesantana.com.br\/\"> <img decoding=\"async\" src=\"\/..\/wp-content\/uploads\/2015\/08\/cds.png\" alt=\"Docas de Santana\"> <\/a><\/li>\n<li class=\"hint--bottom hint--large\" data-hint=\"Eletronuclear\"><a href=\"http:\/\/www.eletronuclear.gov.br\/\"><img decoding=\"async\" src=\"\/..\/wp-content\/uploads\/2015\/08\/eletronuclear.png\" alt=\"Eletronuclear\"><\/a><\/li>\n<li class=\"hint--bottom hint--large\" data-hint=\"Fiat Autom\u00f3veis S\/A\"><a href=\"http:\/\/www.fiat.com.br\/\"><img decoding=\"async\" src=\"\/..\/wp-content\/uploads\/2015\/08\/fiat.png\" alt=\"Fiat Autom\u00f3veis S\/A\"><\/a><\/li>\n<li class=\"hint--bottom hint--large\" data-hint=\"FTC - Ferrovia Tereza Cristina\"><a href=\"http:\/\/www.ftc.com.br\/\"><img decoding=\"async\" src=\"\/..\/wp-content\/uploads\/2015\/08\/ftc.png\" alt=\"FTC - Ferrovia Tereza Cristina\"><\/a><\/li>\n<li class=\"hint--bottom hint--large\" data-hint=\"FUSP - Funda\u00e7\u00e3o de Apoio \u00e0 Universidade de S\u00e3o Paulo\"><a href=\"http:\/\/www.fusp.org.br\/\"><img decoding=\"async\" src=\"\/..\/wp-content\/uploads\/2015\/08\/fusp.png\" alt=\"FUSP - Funda\u00e7\u00e3o de Apoio \u00e0 Universidade de S\u00e3o Paulo\"><\/a><\/li>\n<li class=\"hint--bottom hint--large\" data-hint=\"ITA - Instituto Tecnol\u00f3gico de Aeron\u00e1utica\"><a href=\"http:\/\/www.ita.br\/\"><img decoding=\"async\" src=\"\/..\/wp-content\/uploads\/2015\/08\/ita.png\" alt=\"ITA - Instituto Tecnol\u00f3gico de Aeron\u00e1utica\"><\/a><\/li>\n<li class=\"hint--bottom hint--large\" data-hint=\"Minist\u00e9rio dos Transportes\"><a href=\"http:\/\/www.transportes.gov.br\/\"><img decoding=\"async\" src=\"\/..\/wp-content\/uploads\/2015\/08\/ministerio-transportes-1.png\" alt=\"Minist\u00e9rio dos Transportes\"><\/a><\/li>\n<li data-hint=\"Minist\u00e9rio dos Transportes\"><a href=\"https:\/\/www.itajai.sc.gov.br\/\"><img loading=\"lazy\" decoding=\"async\" class=\"alignnone wp-image-3339\" src=\"https:\/\/www.labtrans.ufsc.br\/wp-content\/uploads\/2019\/02\/Municipio-de-Itajai-300x155.jpg\" alt=\"\" width=\"390\" height=\"200\" srcset=\"https:\/\/www.labtrans.ufsc.br\/wp-content\/uploads\/2019\/02\/Municipio-de-Itajai-300x155.jpg 300w, https:\/\/www.labtrans.ufsc.br\/wp-content\/uploads\/2019\/02\/Municipio-de-Itajai.jpg 640w\" sizes=\"(max-width: 390px) 100vw, 390px\" \/><\/a><\/li>\n<li data-hint=\"Minist\u00e9rio dos Transportes\"><a href=\"https:\/\/www.videira.sc.gov.br\/\"><img loading=\"lazy\" decoding=\"async\" class=\"alignnone wp-image-3342\" src=\"https:\/\/www.labtrans.ufsc.br\/wp-content\/uploads\/2019\/02\/Municipio-de-Videira.png\" alt=\"\" width=\"200\" height=\"200\" srcset=\"https:\/\/www.labtrans.ufsc.br\/wp-content\/uploads\/2019\/02\/Municipio-de-Videira.png 225w, https:\/\/www.labtrans.ufsc.br\/wp-content\/uploads\/2019\/02\/Municipio-de-Videira-220x220.png 220w\" sizes=\"(max-width: 200px) 100vw, 200px\" \/><\/a><\/li>\n<li data-hint=\"Minist\u00e9rio dos Transportes\"><a href=\"http:\/\/www.pattraffic.com.br\/\"><img loading=\"lazy\" decoding=\"async\" class=\"alignnone wp-image-3363\" src=\"https:\/\/www.labtrans.ufsc.br\/wp-content\/uploads\/2019\/02\/PATTraffic_Chile-300x126.jpg\" alt=\"\" width=\"478\" height=\"201\" srcset=\"https:\/\/www.labtrans.ufsc.br\/wp-content\/uploads\/2019\/02\/PATTraffic_Chile-300x126.jpg 300w, https:\/\/www.labtrans.ufsc.br\/wp-content\/uploads\/2019\/02\/PATTraffic_Chile-768x322.jpg 768w, https:\/\/www.labtrans.ufsc.br\/wp-content\/uploads\/2019\/02\/PATTraffic_Chile-1024x430.jpg 1024w, https:\/\/www.labtrans.ufsc.br\/wp-content\/uploads\/2019\/02\/PATTraffic_Chile.jpg 1268w\" sizes=\"(max-width: 478px) 100vw, 478px\" \/><\/a><\/li>\n<li data-hint=\"Minist\u00e9rio dos Transportes\"><a href=\"http:\/\/pavesys.com.br\/\" target=\"_blank\" rel=\"noopener\"><img loading=\"lazy\" decoding=\"async\" class=\"alignnone wp-image-3226\" src=\"https:\/\/www.labtrans.ufsc.br\/wp-content\/uploads\/2018\/11\/pavesys-300x212.jpg\" alt=\"Pavesys\" width=\"280\" height=\"198\" srcset=\"https:\/\/www.labtrans.ufsc.br\/wp-content\/uploads\/2018\/11\/pavesys-300x212.jpg 300w, https:\/\/www.labtrans.ufsc.br\/wp-content\/uploads\/2018\/11\/pavesys-768x544.jpg 768w, https:\/\/www.labtrans.ufsc.br\/wp-content\/uploads\/2018\/11\/pavesys.jpg 842w\" sizes=\"(max-width: 280px) 100vw, 280px\" \/><\/a><\/li>\n<li class=\"hint--bottom hint--large\" data-hint=\"Petrobras\"><a href=\"http:\/\/www.petrobras.com.br\/\"><img decoding=\"async\" src=\"\/..\/wp-content\/uploads\/2015\/08\/petrobras.png\" alt=\"petrobras\"><\/a><\/li>\n<li class=\"hint--bottom hint--large\" data-hint=\"Portinvest - Porto Itapo\u00e1\"><a href=\"http:\/\/www.teconsc.com.br\/\"><img decoding=\"async\" src=\"\/..\/wp-content\/uploads\/2015\/08\/portinvest.png\" alt=\"Portinvest - Porto Itapo\u00e1\"><\/a><\/li>\n<li data-hint=\"Portinvest - Porto Itapo\u00e1\"><a href=\"https:\/\/www.portodoacu.com.br\/SitePages\/default.aspx\" target=\"_blank\" rel=\"noopener\"><img loading=\"lazy\" decoding=\"async\" class=\"alignnone wp-image-3232\" src=\"https:\/\/www.labtrans.ufsc.br\/wp-content\/uploads\/2018\/11\/Porto-do-A\u00e7u-Opera\u00e7\u00f5es-S.A..png\" alt=\"\" width=\"386\" height=\"198\"><\/a><\/li>\n<li data-hint=\"Portinvest - Porto Itapo\u00e1\"><a href=\"https:\/\/www.chapeco.sc.gov.br\/\" target=\"_blank\" rel=\"noopener\"><img loading=\"lazy\" decoding=\"async\" class=\"alignnone wp-image-3244\" src=\"https:\/\/www.labtrans.ufsc.br\/wp-content\/uploads\/2018\/11\/Prefeitura-de-Chapec\u00f3-300x184.png\" alt=\"\" width=\"321\" height=\"197\" srcset=\"https:\/\/www.labtrans.ufsc.br\/wp-content\/uploads\/2018\/11\/Prefeitura-de-Chapec\u00f3-300x184.png 300w, https:\/\/www.labtrans.ufsc.br\/wp-content\/uploads\/2018\/11\/Prefeitura-de-Chapec\u00f3.png 712w\" sizes=\"(max-width: 321px) 100vw, 321px\" \/><\/a><\/li>\n<li data-hint=\"Portinvest - Porto Itapo\u00e1\"><a href=\"https:\/\/www.saojose.sc.gov.br\/\"><img loading=\"lazy\" decoding=\"async\" class=\"alignnone wp-image-3338\" src=\"https:\/\/www.labtrans.ufsc.br\/wp-content\/uploads\/2019\/02\/Prefeitura-de-SJ-300x175.jpg\" alt=\"\" width=\"349\" height=\"204\" srcset=\"https:\/\/www.labtrans.ufsc.br\/wp-content\/uploads\/2019\/02\/Prefeitura-de-SJ-300x175.jpg 300w, https:\/\/www.labtrans.ufsc.br\/wp-content\/uploads\/2019\/02\/Prefeitura-de-SJ.jpg 472w\" sizes=\"(max-width: 349px) 100vw, 349px\" \/><\/a><\/li>\n<li data-hint=\"Portinvest - Porto Itapo\u00e1\"><a href=\"http:\/\/www.pumatronix.com\/\"><img loading=\"lazy\" decoding=\"async\" class=\"alignnone wp-image-3356\" src=\"https:\/\/www.labtrans.ufsc.br\/wp-content\/uploads\/2019\/02\/Logo-PUMATRONIX.jpg\" alt=\"\" width=\"425\" height=\"202\"><\/a><\/li>\n<li class=\"hint--bottom hint--large\" data-hint=\"SAC - Secretaria de Avia\u00e7\u00e3o Civil\"><a href=\"http:\/\/www.aviacaocivil.gov.br\/\"><img decoding=\"async\" src=\"\/..\/wp-content\/uploads\/2015\/08\/sac-1.png\" alt=\"sac\"><\/a><\/li>\n<li class=\"hint--bottom hint--large\" data-hint=\"SCPar Porto de Imbituba - Porto de Imbituba\"><a href=\"http:\/\/www.portodeimbituba.com.br\/\"><img decoding=\"async\" src=\"\/..\/wp-content\/uploads\/2015\/08\/scpar-1.png\" alt=\"SCPar Porto de Imbituba - Porto de Imbituba\"><\/a><\/li>\n<li class=\"hint--bottom hint--large\" data-hint=\"SEP - Secretaria de Portos\"><a href=\"http:\/\/www.portosdobrasil.gov.br\/\"><img decoding=\"async\" src=\"\/..\/wp-content\/uploads\/2015\/08\/sep-1.png\" alt=\"SEP - Secretaria de Portos\"><\/a><\/li>\n<li data-hint=\"SEP - Secretaria de Portos\"><a href=\"http:\/\/www.sestsenat.org.br\/\" target=\"_blank\" rel=\"noopener\"><img loading=\"lazy\" decoding=\"async\" class=\"alignnone wp-image-3249\" src=\"https:\/\/www.labtrans.ufsc.br\/wp-content\/uploads\/2018\/11\/SEST-SENAT-300x191.jpg\" alt=\"\" width=\"314\" height=\"200\" srcset=\"https:\/\/www.labtrans.ufsc.br\/wp-content\/uploads\/2018\/11\/SEST-SENAT-300x191.jpg 300w, https:\/\/www.labtrans.ufsc.br\/wp-content\/uploads\/2018\/11\/SEST-SENAT-768x490.jpg 768w, https:\/\/www.labtrans.ufsc.br\/wp-content\/uploads\/2018\/11\/SEST-SENAT.jpg 800w\" sizes=\"(max-width: 314px) 100vw, 314px\" \/><\/a><\/li>\n<li class=\"hint--bottom hint--large\" data-hint=\"Transpetro - Petrobras Transporte S\/A\"><a href=\"http:\/\/www.transpetro.com.br\/\"><img decoding=\"async\" src=\"\/..\/wp-content\/uploads\/2015\/08\/transpetro.png\" alt=\"Transpetro - Petrobras Transporte S\/A\"><\/a><\/li>\n<li class=\"hint--bottom hint--large\" data-hint=\"Vale do Rio Doce\"><a href=\"http:\/\/www.vale.com\/PT\/Paginas\/Landing.aspx\"><img decoding=\"async\" src=\"\/..\/wp-content\/uploads\/2015\/08\/vale-rio-doce.png\" alt=\"Vale do Rio Doce\"><\/a><\/li>\n<li class=\"hint--bottom hint--large\" data-hint=\"VALEC - Engenharia, Constru\u00e7\u00f5es e Ferrovias S.A.\"><a href=\"http:\/\/www.valec.gov.br\/\"><img decoding=\"async\" src=\"\/..\/wp-content\/uploads\/2015\/08\/valec.png\" alt=\"VALEC - Engenharia, Constru\u00e7\u00f5es e Ferrovias S.A.\"><\/a><\/li>\n<li class=\"hint--bottom hint--large\" data-hint=\"AGER - Ag\u00eancia de Regula\u00e7\u00e3o dos Servi\u00e7os P\u00fablicos Delegados do Estado do Mato Grosso\">&nbsp;<\/li>\n<\/ul>\n<p><\/p>","protected":false},"excerpt":{"rendered":"<p>&nbsp; &nbsp;<\/p>\n","protected":false},"author":5,"featured_media":0,"parent":47,"menu_order":0,"comment_status":"closed","ping_status":"closed","template":"page-parceiros.php","meta":{"ngg_post_thumbnail":0,"footnotes":""},"_links":{"self":[{"href":"https:\/\/www.labtrans.ufsc.br\/en\/wp-json\/wp\/v2\/pages\/1427"}],"collection":[{"href":"https:\/\/www.labtrans.ufsc.br\/en\/wp-json\/wp\/v2\/pages"}],"about":[{"href":"https:\/\/www.labtrans.ufsc.br\/en\/wp-json\/wp\/v2\/types\/page"}],"author":[{"embeddable":true,"href":"https:\/\/www.labtrans.ufsc.br\/en\/wp-json\/wp\/v2\/users\/5"}],"replies":[{"embeddable":true,"href":"https:\/\/www.labtrans.ufsc.br\/en\/wp-json\/wp\/v2\/comments?post=1427"}],"version-history":[{"count":57,"href":"https:\/\/www.labtrans.ufsc.br\/en\/wp-json\/wp\/v2\/pages\/1427\/revisions"}],"predecessor-version":[{"id":6276,"href":"https:\/\/www.labtrans.ufsc.br\/en\/wp-json\/wp\/v2\/pages\/1427\/revisions\/6276"}],"up":[{"embeddable":true,"href":"https:\/\/www.labtrans.ufsc.br\/en\/wp-json\/wp\/v2\/pages\/47"}],"wp:attachment":[{"href":"https:\/\/www.labtrans.ufsc.br\/en\/wp-json\/wp\/v2\/media?parent=1427"}],"curies":[{"name":"wp","href":"https:\/\/api.w.org\/{rel}","templated":true}]}}